{"id":7677,"date":"2021-05-28T12:13:22","date_gmt":"2021-05-28T10:13:22","guid":{"rendered":"https:\/\/www.optotec.com\/?page_id=7677"},"modified":"2021-05-31T15:34:41","modified_gmt":"2021-05-31T13:34:41","slug":"garanzia","status":"publish","type":"page","link":"https:\/\/www.optotec.com\/it\/garanzia\/","title":{"rendered":"Garanzia"},"content":{"rendered":"\t\t<div data-elementor-type=\"wp-page\" data-elementor-id=\"7677\" class=\"elementor elementor-7677 elementor-7670\" data-elementor-post-type=\"page\">\n\t\t\t\t\t\t<section class=\"elementor-section elementor-top-section elementor-element elementor-element-86d5c14 elementor-section-boxed elementor-section-height-default elementor-section-height-default\" data-id=\"86d5c14\" data-element_type=\"section\">\n\t\t\t\t\t\t<div class=\"elementor-container elementor-column-gap-default\">\n\t\t\t\t\t<div class=\"elementor-column elementor-col-100 elementor-top-column elementor-element elementor-element-fc7d870\" data-id=\"fc7d870\" data-element_type=\"column\">\n\t\t\t<div class=\"elementor-widget-wrap elementor-element-populated\">\n\t\t\t\t\t\t<div class=\"elementor-element elementor-element-d803b14 elementor-widget elementor-widget-text-editor\" data-id=\"d803b14\" data-element_type=\"widget\" data-widget_type=\"text-editor.default\">\n\t\t\t\t<div class=\"elementor-widget-container\">\n\t\t\t\t\t\t\t\t\t<p><b>1. Definizioni. <\/b>Ai fini della presente Garanzia, (i) &#8220;Acquirente&#8221; indica la persona fisica o giuridica identificata sull&#8217;ordine di acquisto o sul contratto di fornitura applicabile (o, se diverso, sulla quotazione o sulla conferma d\u2019ordine del Fornitore), (ii) &#8220;Fornitore&#8221; dovr\u00e0 indicare la societ\u00e0 Optotec S.p.A. identificata nel preventivo, nella conferma d\u2019ordine o nel contratto di fornitura di tale societ\u00e0, (iii) &#8220;Prodotto&#8221; indica un prodotto fabbricato dal Fornitore ai sensi del contratto di fornitura, preventivo o conferma d&#8217;ordine applicabile e (iv) &#8221; Periodo di garanzia &#8220;indica, salvo sia diversamente concordato fra le parti, il periodo di un anno dalla data di spedizione del Prodotto dalla fabbrica del Fornitore, fatto salvo quanto stabilito dall\u2019art. 1229 cc.<\/p><p><b>2. Limiti della Garanzia. <\/b>Il Fornitore garantisce che, al momento della consegna, il Prodotto \u00e8 di sua piena propriet\u00e0, libero da vincoli pesi, sequestri, pegni o altri gravami sconosciuti all&#8217;Acquirente. Inoltre, durante il periodo di garanzia, il Prodotto sar\u00e0 esente da difetti dei materiali o della lavorazione che possano manifestarsi a seguito di un uso corretto e normale del Prodotto, che lo rendano inidoneo all\u2019uso a cui \u00e8 destinato. La presente Garanzia si applicher\u00e0 solo ai Prodotti e non si applicher\u00e0 ad altri beni o materiali, parti o componenti di un bene complesso o a qualsiasi bene complesso nel suo insieme. Questa garanzia non copre la normale usura del Prodotto. Il Fornitore non garantisce alcun prodotto che sia fabbricato da terzi; fatto salvo il caso in cui il Fornitore, se e nella misura in cui ci\u00f2 sia concesso dal produttore terzo, trasferisca all&#8217;Acquirente la garanzia prestata da terzi.<\/p><p><b>3. Ispezione. <\/b>Se l&#8217;Acquirente afferma che un Prodotto presenta difetti nei materiali o nella lavorazione, il Fornitore avr\u00e0 il diritto di esaminare il Prodotto dove si trova o, a sua esclusiva discrezione, di fornire istruzioni di spedizione per la restituzione del Prodotto. L&#8217;ispezione del Fornitore non potr\u00e0 mai costituire accettazione o riconoscimento del difetto contestato dall\u2019Acquirente. Tutte le spese di trasporto per tale ispezione dovranno essere anticipate dall&#8217;Acquirente.<\/p><p><b>4. Contenuto della Garanzia. <\/b>Nel caso di operativit\u00e0 della presente Garanzia, l&#8217;unica ed esclusiva obbligazione a carico del Fornitore e l\u2019unico diritto a favore dell&#8217;Acquirente consiste nella riparazione o nella sostituzione del Prodotto difettoso da parte del Fornitore o nel riconoscimento di un credito pari al prezzo di acquisto del Prodotto difettoso. Il Fornitore potr\u00e0 a sua discrezione stabilire di volta in volta quali di questi rimedi fornire. Il Fornitore non sar\u00e0 responsabile per eventuali costi di riparazione o manutenzione sostenuti dall&#8217;Acquirente, a meno che il Fornitore non li abbia autorizzati anticipatamente per iscritto. Se il Fornitore sceglie di sostituire o riparare il Prodotto difettoso, il Prodotto sostituito o riparato sar\u00e0 garantito per il resto del Periodo di garanzia applicabile al Prodotto originariamente spedito, e la Garanzia non sar\u00e0 estesa oltre il Periodo di garanzia originale.<\/p><p><b>5. Denuncia del difetto.<\/b> Se l&#8217;Acquirente scopre un difetto nel Prodotto, l&#8217;Acquirente deve trasmettere tempestivamente (e in nessun caso oltre trenta (30) giorni dalla consegna) una denuncia scritta del difetto riscontrato. Tale denuncia dovr\u00e0 descrivere, con ogni ragionevole dettaglio, le caratteristiche di tale difetto. La denuncia deve essere ricevuta dal Fornitore entro e non oltre il Periodo di garanzia per tale Prodotto. Il mancato ricevimento della denuncia da parte del Fornitore entro il Periodo di garanzia comporter\u00e0 la decadenza dalla presente Garanzia.<\/p><p><u><b>Ogni denuncia deve essere indirizzata per iscritto al Sig. ________ (persona specificatamente nominata dal Fornitore). L&#8217;Acquirente dovr\u00e0 conservare<\/b> <b>tutti i dati e le altre informazioni indicanti i parametri di qualit\u00e0 e le prestazioni del Prodotto.<\/b><\/u><\/p><p><b>6. Trasferimento della propriet\u00e0.<\/b> La presente Garanzia non \u00e8 trasferibile a meno che l&#8217;Acquirente non sia espressamente autorizzato per iscritto dal Fornitore a rivendere il Prodotto. Inoltre, l&#8217;Acquirente deve informare il Fornitore entro il quindicesimo giorno successivo alla data in cui trasferisce la propriet\u00e0 del Prodotto garantito. Qualsiasi trasferimento in violazione della presente Sezione comporter\u00e0 la decadenza dalla presente Garanzia. L&#8217;avviso del trasferimento di propriet\u00e0 deve essere in forma scritta e deve includere il nome e l&#8217;indirizzo del nuovo proprietario.<\/p><p><b>7. Esclusioni dalla garanzia.<\/b> La presente Garanzia non si applica a problemi attribuibili o risultanti da:<\/p><p>a) installazione impropria o errata applicazione di parti;<\/p><p>b) guasti al Prodotto conseguenti alla installazione non conforme alle istruzioni d\u2019uso;<\/p><p>(c) mancanza di un&#8217;ispezione preventiva o di adeguata manutenzione atta a garantire un ambiente operativo adeguato;<\/p><p>(d) eventuali materiali di consumo forniti con il Prodotto e altri materiali, componenti o prodotti fabbricati da terzi;<\/p><p>e) sbalzi di tensione o fulminazioni, incendi, sollecitazioni meccaniche, fisiche o elettriche insolite, condizioni meteorologiche avverse o eventi naturali,\u00a0 \u00a0 \u00a0 \u00a0 \u00a0 inclusi a titolo esemplificativo fulmini o inondazioni;<\/p><p>(f) qualsiasi regolazione, modifica, alterazione, rimozione o riparazione di qualsiasi parte del Prodotto non espressamente autorizzata per iscritto dal\u00a0 \u00a0 \u00a0 \u00a0 \u00a0 \u00a0 \u00a0Fornitore;<\/p><p>(g) danno accidentale, uso improprio, abuso, negligenza o accesso non autorizzato al Prodotto o a qualsiasi bene complesso, di cui il Prodotto garantito\u00a0 \u00a0 \u00a0 \u00a0 fa parte;<\/p><p>(h) qualsiasi tipo di cambiamento estetico dovuto all&#8217;ossidazione o alla corrosione che si verifichi su parti in acciaio inossidabile o acciaio zincato\u00a0 \u00a0 \u00a0 \u00a0 \u00a0 \u00a0 \u00a0 \u00a0 \u00a0 \u00a0 installate in atmosfere marine e industriali insolitamente corrosive (nel qual caso l&#8217;unico obbligo del Fornitore sar\u00e0 quello di garantire che il Prodotto\u00a0 \u00a0 \u00a0 \u00a0 \u00a0 sia conforme alle specifiche dei materiali pubblicate dal Fornitore);<\/p><p>(i) utilizzo del Prodotto per scopi diversi da quello per cui \u00e8 stato progettato;\u00a0<\/p><p>(j) cattiva gestione durante la spedizione del Prodotto.<\/p><p>La presente Garanzia \u00e8 valida per i Prodotti installati e utilizzati in conformit\u00e0 con i parametri di progettazione, installazione e funzionamento del Fornitore. Qualora l&#8217;Acquirente non possa garantire la conformit\u00e0 a tali parametri, egli decadr\u00e0 da tutte le garanzie. In nessuna circostanza il Fornitore avr\u00e0 alcuna responsabilit\u00e0 o obbligo in relazione a spese, responsabilit\u00e0 o perdite associate all&#8217;installazione o alla rimozione di qualsiasi Prodotto o all&#8217;installazione o alla rimozione di qualsiasi componente per l&#8217;ispezione, il collaudo o la riprogettazione conseguenti a qualsiasi riparazione o sostituzione di un Prodotto.<\/p><p><b style=\"word-spacing: normal;\">8. Limitazioni di responsabilit\u00e0.<\/b><span style=\"word-spacing: normal;\"> Le garanzie esposte nell\u2019articolo 2 della presente Garanzia sono esclusive e sono fornite solo a favore dell&#8217;Acquirente. Il Fornitore non fornisce altre garanzie, esplicite o implicite, se non nei limiti delle norme inderogabili di legge applicabili.<\/span><\/p><div><div>Nessuna persona \u00e8 autorizzata a fornire garanzie aggiuntive per conto del Fornitore o ad assumersi per il Fornitore qualsiasi altra responsabilit\u00e0, tranne che per iscritto con firma di un rappresentante autorizzato del Fornitore. La responsabilit\u00e0 totale del Fornitore per qualsiasi reclamo o danno derivante da o in connessione con la fabbricazione, vendita, consegna o utilizzo dei Prodotti sar\u00e0 limitata ai danni diretti che risulteranno provati, e non potr\u00e0 superare il prezzo di acquisto di tali Prodotti. In nessun caso il Fornitore sar\u00e0 responsabile di alcun danno indiretto, consequenziale o punitivo, inclusa, senza limitazione, qualsiasi richiesta di perdita di entrate o profitti effettivi o previsti. Queste limitazioni di responsabilit\u00e0 si applicheranno indipendentemente dalla forma dell&#8217;azione, sia essa contrattuale, extracontrattuale, per responsabilit\u00e0 oggettiva o altro, anche quando i danni fossero prevedibili e continuino a sussistere dopo l\u2019infruttuoso esperimento dei rimedi di cui all\u2019art. 4 del presente documento.<\/div><div><b><u>L&#8217;Acquirente si assume e mantiene il Fornitore indenne da qualsiasi responsabilit\u00e0 connessa o dipendente dalla violazione di diritti di privativa per i Prodotti fabbricati secondo il design o le specifiche di brevetto forniti dall\u2019Acquirente o appositamente progettati dal Fornitore per soddisfare i requisiti richiesti dall&#8217;Acquirente.<\/u><\/b><\/div><div><b style=\"word-spacing: normal;\">\u00a0<\/b><\/div><div><b style=\"word-spacing: normal;\">9. Legge applicabile.<\/b><span style=\"word-spacing: normal;\"> I termini e le condizioni di cui alla presente Garanzia e la loro applicazione sono regolati e interpretati in conformit\u00e0 con la legge italiana. La Convenzione delle Nazioni Unite sui contratti di vendita internazionale di merci non trova applicazione.<\/span><\/div><div><span style=\"word-spacing: normal;\">\u00a0<\/span><\/div><div><span style=\"word-spacing: normal;\">\u00a0<\/span><\/div><div>Data _________________<\/div><div>L\u2019Acquirente<\/div><div>_____________________<\/div><div>Ai sensi e per gli effetti degli artt. 1341 e 1342 cod. civ., l\u2019Acquirente dichiara di approvare specificamente, dopo attenta lettura, gli articoli: 1, 2, 4, 7, 8, 9.<\/div><div>Data _________________<\/div><div>L\u2019Acquirente<\/div><div>_____________________<\/div><\/div>\t\t\t\t\t\t\t\t<\/div>\n\t\t\t\t<\/div>\n\t\t\t\t\t<\/div>\n\t\t<\/div>\n\t\t\t\t\t<\/div>\n\t\t<\/section>\n\t\t\t\t<section class=\"elementor-section elementor-top-section elementor-element elementor-element-df40dbf elementor-section-boxed elementor-section-height-default elementor-section-height-default\" data-id=\"df40dbf\" data-element_type=\"section\">\n\t\t\t\t\t\t<div class=\"elementor-container elementor-column-gap-default\">\n\t\t\t\t\t<div class=\"elementor-column elementor-col-100 elementor-top-column elementor-element elementor-element-696f4ed\" data-id=\"696f4ed\" data-element_type=\"column\">\n\t\t\t<div class=\"elementor-widget-wrap elementor-element-populated\">\n\t\t\t\t\t\t<div class=\"elementor-element elementor-element-a67c0af elementor-align-center elementor-widget elementor-widget-button\" data-id=\"a67c0af\" data-element_type=\"widget\" data-widget_type=\"button.default\">\n\t\t\t\t<div class=\"elementor-widget-container\">\n\t\t\t\t\t\t\t\t\t<div class=\"elementor-button-wrapper\">\n\t\t\t\t\t<a class=\"elementor-button elementor-button-link elementor-size-lg\" href=\"\/wp-content\/uploads\/2021\/05\/Limited-Product-Warranty-OPTOTEC-S.p.A.-IT.pdf\" target=\"_blank\">\n\t\t\t\t\t\t<span class=\"elementor-button-content-wrapper\">\n\t\t\t\t\t\t<span class=\"elementor-button-icon\">\n\t\t\t\t<i aria-hidden=\"true\" class=\" icomoon-the7-font-the7-arrow-05\"><\/i>\t\t\t<\/span>\n\t\t\t\t\t\t\t\t\t<span class=\"elementor-button-text\">DOWNLOAD<\/span>\n\t\t\t\t\t<\/span>\n\t\t\t\t\t<\/a>\n\t\t\t\t<\/div>\n\t\t\t\t\t\t\t\t<\/div>\n\t\t\t\t<\/div>\n\t\t\t\t\t<\/div>\n\t\t<\/div>\n\t\t\t\t\t<\/div>\n\t\t<\/section>\n\t\t\t\t<\/div>\n\t\t","protected":false},"excerpt":{"rendered":"<p>1. Definizioni. Ai fini della presente Garanzia, (i) &#8220;Acquirente&#8221; indica la persona fisica o giuridica identificata sull&#8217;ordine di acquisto o sul contratto di fornitura applicabile (o, se diverso, sulla quotazione o sulla conferma d\u2019ordine del Fornitore), (ii) &#8220;Fornitore&#8221; dovr\u00e0 indicare la societ\u00e0 Optotec S.p.A. identificata nel preventivo, nella conferma d\u2019ordine o nel contratto di fornitura&hellip;<\/p>\n","protected":false},"author":1463,"featured_media":0,"parent":0,"menu_order":0,"comment_status":"closed","ping_status":"closed","template":"elementor_header_footer","meta":{"footnotes":""},"class_list":["post-7677","page","type-page","status-publish","hentry"],"_links":{"self":[{"href":"https:\/\/www.optotec.com\/it\/wp-json\/wp\/v2\/pages\/7677","targetHints":{"allow":["GET"]}}],"collection":[{"href":"https:\/\/www.optotec.com\/it\/wp-json\/wp\/v2\/pages"}],"about":[{"href":"https:\/\/www.optotec.com\/it\/wp-json\/wp\/v2\/types\/page"}],"author":[{"embeddable":true,"href":"https:\/\/www.optotec.com\/it\/wp-json\/wp\/v2\/users\/1463"}],"replies":[{"embeddable":true,"href":"https:\/\/www.optotec.com\/it\/wp-json\/wp\/v2\/comments?post=7677"}],"version-history":[{"count":12,"href":"https:\/\/www.optotec.com\/it\/wp-json\/wp\/v2\/pages\/7677\/revisions"}],"predecessor-version":[{"id":7741,"href":"https:\/\/www.optotec.com\/it\/wp-json\/wp\/v2\/pages\/7677\/revisions\/7741"}],"wp:attachment":[{"href":"https:\/\/www.optotec.com\/it\/wp-json\/wp\/v2\/media?parent=7677"}],"curies":[{"name":"wp","href":"https:\/\/api.w.org\/{rel}","templated":true}]}}